{"id":32,"date":"2023-08-17T16:16:28","date_gmt":"2023-08-17T16:16:28","guid":{"rendered":"https:\/\/comprarlsdmexico.com\/?page_id=32"},"modified":"2023-08-17T16:16:28","modified_gmt":"2023-08-17T16:16:28","slug":"feedback-clientes","status":"publish","type":"page","link":"https:\/\/comprarlsdmexico.com\/index.php\/feedback-clientes\/","title":{"rendered":"Feedback &#8211; Clientes"},"content":{"rendered":"<p><strong>Comentarios copiados a fecha 17-08-2023 de Whatsapp y telegram.<\/strong><\/p>\n<p>&nbsp;<\/p>\n<p>Lemontree013 &#8211; Amazing service guys, recieve in 4 days in Cancun !<\/p>\n<p>Simon de Berlin en Oaxaca &#8211; Crazy trip guys!!!! Love it<\/p>\n<p>Marcelo de Monterrey &#8211; A webooooo increible descubrimiento!<\/p>\n<p>Vanessa de Bogota en Bacalar &#8211; Me encanto la calidad y el servicio, gracias chicos.<\/p>\n<p>Tomas de Espa\u00f1a en Akumal &#8211; Buenisimo lsd, tenia a\u00f1os de no probar algo asi !<\/p>\n<p>Ahmed de Marruecos &#8211; buah sois los mejores.<\/p>\n<p>Jonatthan from Las Vegas, NV &#8211; Crazy trip! amazing store.<\/p>\n","protected":false},"excerpt":{"rendered":"<p>Comentarios copiados a fecha 17-08-2023 de Whatsapp y telegram. &nbsp; Lemontree013 &#8211; Amazing service guys, recieve in 4 days in Cancun ! Simon de Berlin en Oaxaca &#8211; Crazy trip guys!!!! Love it Marcelo de Monterrey &#8211; A webooooo increible&#8230; <a href=\"https:\/\/comprarlsdmexico.com\/index.php\/feedback-clientes\/\" class=\"readmore\">Leer m\u00e1s<span class=\"screen-reader-text\">Feedback &#8211; Clientes<\/span><span class=\"fa fa-angle-double-right\" aria-hidden=\"true\"><\/span><\/a><\/p>\n","protected":false},"author":1,"featured_media":21,"parent":0,"menu_order":0,"comment_status":"closed","ping_status":"closed","template":"","meta":{"footnotes":""},"class_list":["post-32","page","type-page","status-publish","has-post-thumbnail","hentry"],"yoast_head":"<!-- This site is optimized with the Yoast SEO plugin v25.6 - https:\/\/yoast.com\/wordpress\/plugins\/seo\/ -->\n<title>Feedback - Clientes - Comprar LSD Mexico - Avatares de LSD envios nacionales - Buy LSD Avatars in Mexico! Pay with Bitcoin &amp; Monero - Comprar LSD en Monterrey, Comprar LSD en Guadalajara, Comprar LSD en Cdmx, Comprar LSD en Toluca, Comprar LSD en Yucatan, Comprar LSD en Cancun - Acidos Avatares LSD<\/title>\n<meta name=\"description\" content=\"Opiniones de nuestros clientes nacionales, feedback about our customers in Mexico who try our amazing service quality!\" \/>\n<meta name=\"robots\" content=\"index, follow, max-snippet:-1, max-image-preview:large, max-video-preview:-1\" \/>\n<link rel=\"canonical\" href=\"https:\/\/comprarlsdmexico.com\/index.php\/feedback-clientes\/\" \/>\n<meta property=\"og:locale\" content=\"es_MX\" \/>\n<meta property=\"og:type\" content=\"article\" \/>\n<meta property=\"og:title\" content=\"Feedback - Clientes - Comprar LSD Mexico - Avatares de LSD envios nacionales - Buy LSD Avatars in Mexico! Pay with Bitcoin &amp; Monero - Comprar LSD en Monterrey, Comprar LSD en Guadalajara, Comprar LSD en Cdmx, Comprar LSD en Toluca, Comprar LSD en Yucatan, Comprar LSD en Cancun - Acidos Avatares LSD\" \/>\n<meta property=\"og:description\" content=\"Opiniones de nuestros clientes nacionales, feedback about our customers in Mexico who try our amazing service quality!\" \/>\n<meta property=\"og:url\" content=\"https:\/\/comprarlsdmexico.com\/index.php\/feedback-clientes\/\" \/>\n<meta property=\"og:site_name\" content=\"Comprar LSD Mexico - Avatares de LSD envios nacionales - Buy LSD Avatars in Mexico! Pay with Bitcoin &amp; Monero - Comprar LSD en Monterrey, Comprar LSD en Guadalajara, Comprar LSD en Cdmx, Comprar LSD en Toluca, Comprar LSD en Yucatan, Comprar LSD en Cancun - Acidos Avatares LSD\" \/>\n<meta property=\"og:image\" content=\"https:\/\/comprarlsdmexico.com\/wp-content\/uploads\/2023\/08\/lsd1.jpg\" \/>\n\t<meta property=\"og:image:width\" content=\"1200\" \/>\n\t<meta property=\"og:image:height\" content=\"964\" \/>\n\t<meta property=\"og:image:type\" content=\"image\/jpeg\" \/>\n<meta name=\"twitter:card\" content=\"summary_large_image\" \/>\n<meta name=\"twitter:label1\" content=\"Tiempo de lectura\" \/>\n\t<meta name=\"twitter:data1\" content=\"1 minuto\" \/>\n<script type=\"application\/ld+json\" class=\"yoast-schema-graph\">{\"@context\":\"https:\/\/schema.org\",\"@graph\":[{\"@type\":\"WebPage\",\"@id\":\"https:\/\/comprarlsdmexico.com\/index.php\/feedback-clientes\/\",\"url\":\"https:\/\/comprarlsdmexico.com\/index.php\/feedback-clientes\/\",\"name\":\"Feedback - Clientes - Comprar LSD Mexico - Avatares de LSD envios nacionales - Buy LSD Avatars in Mexico! Pay with Bitcoin &amp; Monero - Comprar LSD en Monterrey, Comprar LSD en Guadalajara, Comprar LSD en Cdmx, Comprar LSD en Toluca, Comprar LSD en Yucatan, Comprar LSD en Cancun - Acidos Avatares LSD\",\"isPartOf\":{\"@id\":\"https:\/\/comprarlsdmexico.com\/#website\"},\"primaryImageOfPage\":{\"@id\":\"https:\/\/comprarlsdmexico.com\/index.php\/feedback-clientes\/#primaryimage\"},\"image\":{\"@id\":\"https:\/\/comprarlsdmexico.com\/index.php\/feedback-clientes\/#primaryimage\"},\"thumbnailUrl\":\"https:\/\/comprarlsdmexico.com\/wp-content\/uploads\/2023\/08\/lsd1.jpg\",\"datePublished\":\"2023-08-17T16:16:28+00:00\",\"description\":\"Opiniones de nuestros clientes nacionales, feedback about our customers in Mexico who try our amazing service quality!\",\"breadcrumb\":{\"@id\":\"https:\/\/comprarlsdmexico.com\/index.php\/feedback-clientes\/#breadcrumb\"},\"inLanguage\":\"es\",\"potentialAction\":[{\"@type\":\"ReadAction\",\"target\":[\"https:\/\/comprarlsdmexico.com\/index.php\/feedback-clientes\/\"]}]},{\"@type\":\"ImageObject\",\"inLanguage\":\"es\",\"@id\":\"https:\/\/comprarlsdmexico.com\/index.php\/feedback-clientes\/#primaryimage\",\"url\":\"https:\/\/comprarlsdmexico.com\/wp-content\/uploads\/2023\/08\/lsd1.jpg\",\"contentUrl\":\"https:\/\/comprarlsdmexico.com\/wp-content\/uploads\/2023\/08\/lsd1.jpg\",\"width\":1200,\"height\":964,\"caption\":\"28\/03\/2019 Zig Zag, el novedoso LSD legal en Argentina. Es una nueva \\\"droga\\\" de dise\u00f1o y se llama Zig Zag. Descubierto a finales del a\u00f1o pasado durante un operativo llevado a cabo por la polic\u00eda bonaerense, este estupefaciente tiene los mismos efectos alucin\u00f3genos que la dietilamida de \u00e1cido lis\u00e9rgico o LSD aunque, por el momento, se encuentra exenta de figurar en la lista de drogas de Argentina debido a la novedad que ha supuesto su descubrimiento. SUDAM\u00c9RICA ARGENTINA SOCIEDAD INSTAGRAM \/ @CRUMPETSANDCAVIAR\"},{\"@type\":\"BreadcrumbList\",\"@id\":\"https:\/\/comprarlsdmexico.com\/index.php\/feedback-clientes\/#breadcrumb\",\"itemListElement\":[{\"@type\":\"ListItem\",\"position\":1,\"name\":\"Inicio\",\"item\":\"https:\/\/comprarlsdmexico.com\/\"},{\"@type\":\"ListItem\",\"position\":2,\"name\":\"Feedback &#8211; Clientes\"}]},{\"@type\":\"WebSite\",\"@id\":\"https:\/\/comprarlsdmexico.com\/#website\",\"url\":\"https:\/\/comprarlsdmexico.com\/\",\"name\":\"Comprar LSD Mexico - Avatares de LSD envios nacionales - Buy LSD Avatars in Mexico! Pay with Bitcoin &amp; Monero - Comprar LSD en Monterrey, Comprar LSD en Guadalajara, Comprar LSD en Cdmx, Comprar LSD en Toluca, Comprar LSD en Yucatan, Comprar LSD en Cancun - Acidos Avatares LSD\",\"description\":\"Comprar lsd mexico, lsd en mexico, lsd tamaulipas, lsd monterrey, lsd cdmx, lsd toluca, lsd cancun, lsd tulum, lsd playa del carmen, comprar lsd en cancun , comprar lsd campeche\",\"potentialAction\":[{\"@type\":\"SearchAction\",\"target\":{\"@type\":\"EntryPoint\",\"urlTemplate\":\"https:\/\/comprarlsdmexico.com\/?s={search_term_string}\"},\"query-input\":{\"@type\":\"PropertyValueSpecification\",\"valueRequired\":true,\"valueName\":\"search_term_string\"}}],\"inLanguage\":\"es\"}]}<\/script>\n<!-- \/ Yoast SEO plugin. -->","yoast_head_json":{"title":"Feedback - Clientes - Comprar LSD Mexico - Avatares de LSD envios nacionales - Buy LSD Avatars in Mexico! Pay with Bitcoin &amp; Monero - Comprar LSD en Monterrey, Comprar LSD en Guadalajara, Comprar LSD en Cdmx, Comprar LSD en Toluca, Comprar LSD en Yucatan, Comprar LSD en Cancun - Acidos Avatares LSD","description":"Opiniones de nuestros clientes nacionales, feedback about our customers in Mexico who try our amazing service quality!","robots":{"index":"index","follow":"follow","max-snippet":"max-snippet:-1","max-image-preview":"max-image-preview:large","max-video-preview":"max-video-preview:-1"},"canonical":"https:\/\/comprarlsdmexico.com\/index.php\/feedback-clientes\/","og_locale":"es_MX","og_type":"article","og_title":"Feedback - Clientes - Comprar LSD Mexico - Avatares de LSD envios nacionales - Buy LSD Avatars in Mexico! Pay with Bitcoin &amp; Monero - Comprar LSD en Monterrey, Comprar LSD en Guadalajara, Comprar LSD en Cdmx, Comprar LSD en Toluca, Comprar LSD en Yucatan, Comprar LSD en Cancun - Acidos Avatares LSD","og_description":"Opiniones de nuestros clientes nacionales, feedback about our customers in Mexico who try our amazing service quality!","og_url":"https:\/\/comprarlsdmexico.com\/index.php\/feedback-clientes\/","og_site_name":"Comprar LSD Mexico - Avatares de LSD envios nacionales - Buy LSD Avatars in Mexico! Pay with Bitcoin &amp; Monero - Comprar LSD en Monterrey, Comprar LSD en Guadalajara, Comprar LSD en Cdmx, Comprar LSD en Toluca, Comprar LSD en Yucatan, Comprar LSD en Cancun - Acidos Avatares LSD","og_image":[{"width":1200,"height":964,"url":"https:\/\/comprarlsdmexico.com\/wp-content\/uploads\/2023\/08\/lsd1.jpg","type":"image\/jpeg"}],"twitter_card":"summary_large_image","twitter_misc":{"Tiempo de lectura":"1 minuto"},"schema":{"@context":"https:\/\/schema.org","@graph":[{"@type":"WebPage","@id":"https:\/\/comprarlsdmexico.com\/index.php\/feedback-clientes\/","url":"https:\/\/comprarlsdmexico.com\/index.php\/feedback-clientes\/","name":"Feedback - Clientes - Comprar LSD Mexico - Avatares de LSD envios nacionales - Buy LSD Avatars in Mexico! Pay with Bitcoin &amp; Monero - Comprar LSD en Monterrey, Comprar LSD en Guadalajara, Comprar LSD en Cdmx, Comprar LSD en Toluca, Comprar LSD en Yucatan, Comprar LSD en Cancun - Acidos Avatares LSD","isPartOf":{"@id":"https:\/\/comprarlsdmexico.com\/#website"},"primaryImageOfPage":{"@id":"https:\/\/comprarlsdmexico.com\/index.php\/feedback-clientes\/#primaryimage"},"image":{"@id":"https:\/\/comprarlsdmexico.com\/index.php\/feedback-clientes\/#primaryimage"},"thumbnailUrl":"https:\/\/comprarlsdmexico.com\/wp-content\/uploads\/2023\/08\/lsd1.jpg","datePublished":"2023-08-17T16:16:28+00:00","description":"Opiniones de nuestros clientes nacionales, feedback about our customers in Mexico who try our amazing service quality!","breadcrumb":{"@id":"https:\/\/comprarlsdmexico.com\/index.php\/feedback-clientes\/#breadcrumb"},"inLanguage":"es","potentialAction":[{"@type":"ReadAction","target":["https:\/\/comprarlsdmexico.com\/index.php\/feedback-clientes\/"]}]},{"@type":"ImageObject","inLanguage":"es","@id":"https:\/\/comprarlsdmexico.com\/index.php\/feedback-clientes\/#primaryimage","url":"https:\/\/comprarlsdmexico.com\/wp-content\/uploads\/2023\/08\/lsd1.jpg","contentUrl":"https:\/\/comprarlsdmexico.com\/wp-content\/uploads\/2023\/08\/lsd1.jpg","width":1200,"height":964,"caption":"28\/03\/2019 Zig Zag, el novedoso LSD legal en Argentina. Es una nueva \"droga\" de dise\u00f1o y se llama Zig Zag. Descubierto a finales del a\u00f1o pasado durante un operativo llevado a cabo por la polic\u00eda bonaerense, este estupefaciente tiene los mismos efectos alucin\u00f3genos que la dietilamida de \u00e1cido lis\u00e9rgico o LSD aunque, por el momento, se encuentra exenta de figurar en la lista de drogas de Argentina debido a la novedad que ha supuesto su descubrimiento. SUDAM\u00c9RICA ARGENTINA SOCIEDAD INSTAGRAM \/ @CRUMPETSANDCAVIAR"},{"@type":"BreadcrumbList","@id":"https:\/\/comprarlsdmexico.com\/index.php\/feedback-clientes\/#breadcrumb","itemListElement":[{"@type":"ListItem","position":1,"name":"Inicio","item":"https:\/\/comprarlsdmexico.com\/"},{"@type":"ListItem","position":2,"name":"Feedback &#8211; Clientes"}]},{"@type":"WebSite","@id":"https:\/\/comprarlsdmexico.com\/#website","url":"https:\/\/comprarlsdmexico.com\/","name":"Comprar LSD Mexico - Avatares de LSD envios nacionales - Buy LSD Avatars in Mexico! Pay with Bitcoin &amp; Monero - Comprar LSD en Monterrey, Comprar LSD en Guadalajara, Comprar LSD en Cdmx, Comprar LSD en Toluca, Comprar LSD en Yucatan, Comprar LSD en Cancun - Acidos Avatares LSD","description":"Comprar lsd mexico, lsd en mexico, lsd tamaulipas, lsd monterrey, lsd cdmx, lsd toluca, lsd cancun, lsd tulum, lsd playa del carmen, comprar lsd en cancun , comprar lsd campeche","potentialAction":[{"@type":"SearchAction","target":{"@type":"EntryPoint","urlTemplate":"https:\/\/comprarlsdmexico.com\/?s={search_term_string}"},"query-input":{"@type":"PropertyValueSpecification","valueRequired":true,"valueName":"search_term_string"}}],"inLanguage":"es"}]}},"_links":{"self":[{"href":"https:\/\/comprarlsdmexico.com\/index.php\/wp-json\/wp\/v2\/pages\/32","targetHints":{"allow":["GET"]}}],"collection":[{"href":"https:\/\/comprarlsdmexico.com\/index.php\/wp-json\/wp\/v2\/pages"}],"about":[{"href":"https:\/\/comprarlsdmexico.com\/index.php\/wp-json\/wp\/v2\/types\/page"}],"author":[{"embeddable":true,"href":"https:\/\/comprarlsdmexico.com\/index.php\/wp-json\/wp\/v2\/users\/1"}],"replies":[{"embeddable":true,"href":"https:\/\/comprarlsdmexico.com\/index.php\/wp-json\/wp\/v2\/comments?post=32"}],"version-history":[{"count":1,"href":"https:\/\/comprarlsdmexico.com\/index.php\/wp-json\/wp\/v2\/pages\/32\/revisions"}],"predecessor-version":[{"id":33,"href":"https:\/\/comprarlsdmexico.com\/index.php\/wp-json\/wp\/v2\/pages\/32\/revisions\/33"}],"wp:featuredmedia":[{"embeddable":true,"href":"https:\/\/comprarlsdmexico.com\/index.php\/wp-json\/wp\/v2\/media\/21"}],"wp:attachment":[{"href":"https:\/\/comprarlsdmexico.com\/index.php\/wp-json\/wp\/v2\/media?parent=32"}],"curies":[{"name":"wp","href":"https:\/\/api.w.org\/{rel}","templated":true}]}}